{"id":2025,"date":"2019-01-19T13:05:14","date_gmt":"2019-01-19T13:05:14","guid":{"rendered":"https:\/\/workforcealliance.biz\/?page_id=2025"},"modified":"2025-05-05T06:55:50","modified_gmt":"2025-05-05T10:55:50","slug":"young-adults-16-24","status":"publish","type":"page","link":"https:\/\/workforcealliance.biz\/es\/youth-and-young-adults\/young-adults-16-24\/","title":{"rendered":"J\u00f3venes de 16 a 24 a\u00f1os"},"content":{"rendered":"<div id=\"pl-2025\"  class=\"panel-layout\" ><div id=\"pg-2025-0\"  class=\"panel-grid panel-has-style\" ><div class=\"full_container default_order panel-row-style panel-row-style-for-2025-0\" ><div id=\"pgc-2025-0-0\"  class=\"panel-grid-cell\" ><div id=\"panel-2025-0-0-0\" class=\"so-panel widget widget_small-header panel-first-child panel-last-child\" data-index=\"0\" ><div\n\t\t\t\n\t\t\tclass=\"so-widget-small-header so-widget-small-header-default-d75171398898-2025\"\n\t\t\t\n\t\t>\n\n<div class=\"image_top_header_single  center_center_bg_sm\"  style=\"background-image:url(https:\/\/workforcealliance.biz\/wp-content\/uploads\/2024\/02\/news_podcast.png);\">\n\n\t\n\n    <div class=\"large_container\">\n\t<div class=\"cotent_header_small\"> \n\t<div class=\"content_title_subtitle\"> \n\t\t<h1 class=\"bar_top_title\" >Young Adults <span>Ages 16-24<\/span><\/h1>\n\t\t<\/div>\t<\/div>\n\t<\/div>\n<\/div>\n<\/div><\/div><\/div><\/div><\/div><div id=\"pg-2025-1\"  class=\"panel-grid panel-has-style\" ><div class=\"middle_container default_order panel-row-style panel-row-style-for-2025-1\" ><div id=\"pgc-2025-1-0\"  class=\"panel-grid-cell\" ><div id=\"panel-2025-1-0-0\" class=\"so-panel widget widget_empty-space panel-first-child\" data-index=\"1\" ><div\n\t\t\t\n\t\t\tclass=\"so-widget-empty-space so-widget-empty-space-default-d75171398898-2025\"\n\t\t\t\n\t\t><div class=\"empty_space_custom medium_space\">\r\n<\/div><\/div><\/div><div id=\"panel-2025-1-0-1\" class=\"so-panel widget widget_title-r-b\" data-index=\"2\" ><div\n\t\t\t\n\t\t\tclass=\"so-widget-title-r-b so-widget-title-r-b-default-d75171398898-2025\"\n\t\t\t\n\t\t><div class=\"section_title_cust\"><h3 class=\"heading_widget center_title black_title   weight_600\">FUERA DE LA ESCUELA - NO FUERA DE LA OPORTUNIDAD<\/h3><\/div><\/div><\/div><div id=\"panel-2025-1-0-2\" class=\"so-panel widget widget_empty-space panel-last-child\" data-index=\"3\" ><div\n\t\t\t\n\t\t\tclass=\"so-widget-empty-space so-widget-empty-space-default-d75171398898-2025\"\n\t\t\t\n\t\t><div class=\"empty_space_custom small_space\">\r\n<\/div><\/div><\/div><\/div><\/div><\/div><div id=\"pg-2025-2\"  class=\"panel-grid panel-has-style\" ><div class=\"center_responsive large_container reverse_order panel-row-style panel-row-style-for-2025-2\" ><div id=\"pgc-2025-2-0\"  class=\"panel-grid-cell\" ><div id=\"panel-2025-2-0-0\" class=\"so-panel widget widget_empty-space panel-first-child\" data-index=\"4\" ><div\n\t\t\t\n\t\t\tclass=\"so-widget-empty-space so-widget-empty-space-default-d75171398898-2025\"\n\t\t\t\n\t\t><div class=\"empty_space_custom small_space\">\r\n<\/div><\/div><\/div><div id=\"panel-2025-2-0-1\" class=\"so-panel widget widget_sow-editor panel-last-child\" data-index=\"5\" ><div\n\t\t\t\n\t\t\tclass=\"so-widget-sow-editor so-widget-sow-editor-base\"\n\t\t\t\n\t\t>\n<div class=\"siteorigin-widget-tinymce textwidget\">\n\t<h4><strong>SOLICITUD DE PROPUESTAS <\/strong><strong>WORK-BASED LEARNING AND \u00a0<\/strong><strong>PROGRAMAS DE EMPLEABILIDAD<\/strong><strong>\u00a0<\/strong><\/h4>\n<p>Serving In-School or Out-of-School Youth\u00a0in the\u00a0South Central Connecticut Workforce Region\u00a0Funded by the Workforce Innovation and Opportunity Act (WIOA)<\/p>\n<p><strong>TRAIN IN HEALTHCARE, IT, SECURITY, BUSINESS, TRANSPORTATION &amp; MORE<\/strong><\/p>\n<p>Los adultos j\u00f3venes de hasta 24 a\u00f1os de edad que no est\u00e1n inscritos en la escuela secundaria o en la universidad pueden solicitar participar en programas de capacitaci\u00f3n basados en la comunidad financiados por Workforce Alliance. Se anima a los j\u00f3venes adultos que viven en todo el centro-sur de CT (ver mapa) a solicitarlo.<\/p>\n<p>Se incluye la preparaci\u00f3n para el trabajo, la formaci\u00f3n en habilidades, las credenciales y la inserci\u00f3n laboral.<\/p>\n<p>Additional questions can be directed to Aurora Grant at (203) 867-4030 x246 or <strong><a href=\"mailto:agrant@workforcealliance.biz\">agrant@workforcealliance.biz<\/a><\/strong>. El personal del Centro Americano de Empleo est\u00e1 comprobando los correos electr\u00f3nicos y los mensajes de voz.<\/p>\n<p><strong>PARA SOLICITAR:<\/strong><\/p>\n<p>Revise los programas que aparecen a continuaci\u00f3n y p\u00f3ngase en contacto con ellos directamente. Sujeto a criterios de elegibilidad y disponibilidad de fondos. Las fechas de inicio de las clases y los plazos de inscripci\u00f3n var\u00edan.<\/p>\n<\/div>\n<\/div><\/div><\/div><div id=\"pgc-2025-2-1\"  class=\"panel-grid-cell\" ><div id=\"panel-2025-2-1-0\" class=\"so-panel widget widget_sow-image panel-first-child\" data-index=\"6\" ><div\n\t\t\t\n\t\t\tclass=\"so-widget-sow-image so-widget-sow-image-default-c67d20f9f743-2025\"\n\t\t\t\n\t\t>\n<div class=\"sow-image-container\">\n\t\t<img \n\tsrc=\"https:\/\/workforcealliance.biz\/wp-content\/uploads\/2019\/04\/South_Central_Region.png\" width=\"576\" height=\"548\" srcset=\"https:\/\/workforcealliance.biz\/wp-content\/uploads\/2019\/04\/South_Central_Region.png 576w, https:\/\/workforcealliance.biz\/wp-content\/uploads\/2019\/04\/South_Central_Region-300x285.png 300w\" sizes=\"(max-width: 576px) 100vw, 576px\" alt=\"\" \t\tclass=\"so-widget-image\"\/>\n\t<\/div>\n\n<\/div><\/div><div id=\"panel-2025-2-1-1\" class=\"so-panel widget widget_empty-space panel-last-child\" data-index=\"7\" ><div\n\t\t\t\n\t\t\tclass=\"so-widget-empty-space so-widget-empty-space-default-d75171398898-2025\"\n\t\t\t\n\t\t><div class=\"empty_responsive\"><\/div><\/div><\/div><\/div><\/div><\/div><div id=\"pg-2025-3\"  class=\"panel-grid panel-has-style\" ><div class=\"middle_container default_order panel-row-style panel-row-style-for-2025-3\" ><div id=\"pgc-2025-3-0\"  class=\"panel-grid-cell\" ><div id=\"panel-2025-3-0-0\" class=\"so-panel widget widget_empty-space panel-first-child\" data-index=\"8\" ><div\n\t\t\t\n\t\t\tclass=\"so-widget-empty-space so-widget-empty-space-default-d75171398898-2025\"\n\t\t\t\n\t\t><div class=\"empty_space_custom medium_space\">\r\n<\/div><\/div><\/div><div id=\"panel-2025-3-0-1\" class=\"so-panel widget widget_title-r-b panel-last-child\" data-index=\"9\" ><div\n\t\t\t\n\t\t\tclass=\"so-widget-title-r-b so-widget-title-r-b-default-d75171398898-2025\"\n\t\t\t\n\t\t><div class=\"section_title_cust\"><h3 class=\"heading_widget center_title black_title   weight_600\">WORKFORCE ALLIANCE FUNDED PROGRAMS:<\/h3><\/div><\/div><\/div><\/div><\/div><\/div><div id=\"pg-2025-4\"  class=\"panel-grid panel-has-style\" ><div class=\"middle_container default_order panel-row-style panel-row-style-for-2025-4\" ><div id=\"pgc-2025-4-0\"  class=\"panel-grid-cell\" ><div id=\"panel-2025-4-0-0\" class=\"so-panel widget widget_empty-space panel-first-child\" data-index=\"10\" ><div\n\t\t\t\n\t\t\tclass=\"so-widget-empty-space so-widget-empty-space-default-d75171398898-2025\"\n\t\t\t\n\t\t><div class=\"empty_space_custom medium_space\">\r\n<\/div><\/div><\/div><div id=\"panel-2025-4-0-1\" class=\"so-panel widget widget_rp-title-tx panel-last-child\" data-index=\"11\" ><div\n\t\t\t\n\t\t\tclass=\"so-widget-rp-title-tx so-widget-rp-title-tx-default-d75171398898-2025\"\n\t\t\t\n\t\t><div class=\"repeater_content_bxs two_item_box   box_style2_repeater\"><div class=\"item_col_cont\" ><div class=\"content_bx_par\"><div class=\"title_cont_bx\" ><span class=\"title_lk_cn\"> PROGRAMA COMUNITARIO PARA NI\u00d1OS DE CT<\/span><\/div><div class=\"content_bx_ins\" ><p>PROGRAMA COMUNITARIO PARA NI\u00d1OS DE CT<br \/>\n<span class=\"_2W25ije4SzSCNnPMgASC2u\" tabindex=\"0\" role=\"link\" data-markjs=\"true\">843 Whalley Avenue, New Haven, CT 06515<\/span><\/p>\n<p><strong>Contacto del programa:<\/strong> Jeanette Sykes, <a href=\"tel:(203) 786-6403\">(203) 786-6403<\/a><\/p>\n<p>Ser colocado en una experiencia de aprendizaje basada en el trabajo o en la formaci\u00f3n de habilidades ocupacionales. Todos los estudiantes participan en clases de preparaci\u00f3n para el trabajo y en actividades de servicio a la comunidad y reciben ayuda para la b\u00fasqueda de empleo. Las opciones de formaci\u00f3n incluyen la formaci\u00f3n de asistente de enfermer\u00eda certificado (CNA) o de guardia de seguridad.<\/p>\n<\/div><\/div><\/div><div class=\"item_col_cont\" ><div class=\"content_bx_par\"><div class=\"title_cont_bx\" ><span class=\"title_lk_cn\"> EQUIPO DE RENOVACI\u00d3N DE LA COMUNIDAD<\/span><\/div><div class=\"content_bx_ins\" ><p>EQUIPO DE RENOVACI\u00d3N DE LA COMUNIDAD - FORMACI\u00d3N DE HABILIDADES<br \/>\nEN LA C\u00c1MARA DE COMERCIO DE MIDDLESEX<\/p>\n<p><strong>Contacto del programa:<\/strong> Julie Sapia-Bryant <a href=\"tel:(860) 347-6924\">(860) 347-6924<\/a>, Ext. 248<\/p>\n<p>Prepara y coloca a los graduados en empleos basados en las necesidades de los empleadores regionales. Opciones de formaci\u00f3n: auxiliar de enfermer\u00eda certificado, gesti\u00f3n de la informaci\u00f3n sanitaria, asistente de servicios humanos, facturaci\u00f3n y codificaci\u00f3n m\u00e9dica, t\u00e9cnico de atenci\u00f3n al paciente, entrenador personal, t\u00e9cnico de farmacia, t\u00e9cnico de flebotom\u00eda, guardia de seguridad, mecanizado y fabricaci\u00f3n de precisi\u00f3n, tecnolog\u00eda ecol\u00f3gica, Microsoft Office o seguridad alimentaria ServSafe. Los que carecen de un GED o de un diploma de secundaria reciben instrucci\u00f3n para obtenerlo. En colaboraci\u00f3n con el Middlesex Community College, la C\u00e1mara de Comercio de Middlesex y Middletown Adult Education.<\/p>\n<\/div><\/div><\/div><div class=\"item_col_cont\" ><div class=\"content_bx_par\"><div class=\"title_cont_bx\" ><span class=\"title_lk_cn\"> COLABORACI\u00d3N ENTRE TRES CIUDADES: WALLINGFORD-MERIDEN-MIDDLETOWN<\/span><\/div><div class=\"content_bx_ins\" ><p>COLABORACI\u00d3N TRIPARTITA<br \/>\nWALLINGFORD-MERIDEN-MIDDLETOWN<\/p>\n<p><strong>Contacto del programa:<\/strong> Tracey Moses, <a href=\"tel:(860) 266-6113\">(860) 266-6113<\/a><\/p>\n<p>Ofrece apoyo acad\u00e9mico y habilidades de preparaci\u00f3n para el trabajo a las personas cualificadas de cada ciudad. Aquellos con una credencial de HS pueden potencialmente entrar en un colegio comunitario aprobado o en otro programa de certificado incluyendo, pero no limitado a: profesiones de la salud, servicios veterinarios, fabricaci\u00f3n, guardia de seguridad o servicios humanos. Los que no tienen un diploma de escuela secundaria o GED pueden obtener uno de los siguientes: diploma de escuela secundaria a trav\u00e9s del Programa de Diploma de Cr\u00e9dito, un GED, o una credencial NEDP (Programa Nacional de Diploma Externo). Tri-Town es una asociaci\u00f3n de Meriden, Middletown y Wallingford Adult Education y Beat the Street Community Center en Meriden.<\/p>\n<\/div><\/div><\/div><div class=\"item_col_cont\" ><div class=\"content_bx_par\"><div class=\"title_cont_bx\" ><span class=\"title_lk_cn\"> CENTRO PARA MUJERES Y FAMILIAS<\/span><\/div><div class=\"content_bx_ins\" ><p>CENTRO PARA MUJERES Y FAMILIAS<br \/>\n169 COLONY STREET, MERIDEN, CT<\/p>\n<p><strong>Contactos del programa<\/strong>:\u00a0John Johnson Jr., <a href=\"tel:(475) 775-4899\">(475) 775-4899<\/a><\/p>\n<p>Women &amp; Families Center Open DOHR proporciona la inscripci\u00f3n para la formaci\u00f3n de habilidades en Middlesex Community College y Middletown Adult Education. Opciones de formaci\u00f3n: Asistente de Enfermer\u00eda Certificado, Asistente de Servicios Humanos o T\u00e9cnico de Emergencia M\u00e9dica. Experiencias de trabajo coordinadas en sitios en y alrededor de Greater Meriden, Middletown y otras ciudades donde los participantes pueden residir o viajar. Asistencia para la colocaci\u00f3n de empleo.<\/p>\n<\/div><\/div><\/div><div class=\"item_col_cont\" ><div class=\"content_bx_par\"><div class=\"title_cont_bx\" ><span class=\"title_lk_cn\"> DAE-THE SKILLS ACADEMY<\/span><\/div><div class=\"content_bx_ins\" ><p>New Haven, CT<\/p>\n<p>The Skills Academy will provide a 4-month immersion in Software Engineering where you will learn and build multiple websites and web apps culminating in a capstone project of your choice. You\u2019ll also gain skills in how to build products that people will actually benefit from and want to use, as well as how to communicate your ideas in a way that makes people want to buy your product or hire you to build digital products for them. This isn\u2019t your typical classroom experience: you\u2019ll learn by doing rather than just sitting in a classroom listening. In fact, we don\u2019t even have traditional classrooms. Your days will be spent working on real projects on state-of-the-art equipment in a highly collaborative and creative environment.<\/p>\n<p><strong>Haga clic en el enlace para obtener m\u00e1s informaci\u00f3n sobre\u00a0 <a href=\"https:\/\/www.transformnhv.org\/adult-skills-academy\" target=\"_blank\" rel=\"noopener\">Programa DAE<\/a><\/strong><\/p>\n<\/div><\/div><\/div><\/div>\r\n<\/div><\/div><\/div><\/div><\/div><div id=\"pg-2025-5\"  class=\"panel-grid panel-has-style\" ><div class=\"middle_container default_order panel-row-style panel-row-style-for-2025-5\" ><div id=\"pgc-2025-5-0\"  class=\"panel-grid-cell\" ><div id=\"panel-2025-5-0-0\" class=\"so-panel widget widget_empty-space panel-first-child panel-last-child\" data-index=\"12\" ><div\n\t\t\t\n\t\t\tclass=\"so-widget-empty-space so-widget-empty-space-default-d75171398898-2025\"\n\t\t\t\n\t\t><div class=\"empty_space_custom medium_space\">\r\n<\/div><\/div><\/div><\/div><\/div><\/div><\/div>","protected":false},"excerpt":{"rendered":"<p>Young Adults Ages 16-24 OUT OF SCHOOL &#8211; NOT OUT OF OPPORTUNITY REQUEST FOR PROPOSALS WORK-BASED LEARNING AND \u00a0EMPLOYABILITY PROGRAMS\u00a0 Serving In-School or Out-of-School Youth\u00a0in the\u00a0South Central Connecticut Workforce Region\u00a0Funded by the Workforce Innovation and Opportunity Act (WIOA) TRAIN IN HEALTHCARE, IT, SECURITY, BUSINESS, TRANSPORTATION &amp; MORE Young adults up to age 24 who are [&hellip;]<\/p>\n","protected":false},"author":13,"featured_media":0,"parent":1945,"menu_order":0,"comment_status":"closed","ping_status":"closed","template":"","meta":{"_acf_changed":false,"footnotes":""},"class_list":["post-2025","page","type-page","status-publish","hentry"],"acf":[],"yoast_head":"<!-- This site is optimized with the Yoast SEO plugin v27.2 - https:\/\/yoast.com\/product\/yoast-seo-wordpress\/ -->\n<title>Young Adults Ages 16-24 - Workforce Alliance<\/title>\n<meta name=\"description\" content=\"Young adults up to age 24 who are not enrolled in high school or college can apply to participate in community-based training programs funded by Workforce Alliance. Young adults living throughout South Central CT (see map) are encouraged to apply.\" \/>\n<meta name=\"robots\" content=\"index, follow, max-snippet:-1, max-image-preview:large, max-video-preview:-1\" \/>\n<link rel=\"canonical\" href=\"https:\/\/workforcealliance.biz\/es\/youth-and-young-adults\/young-adults-16-24\/\" \/>\n<meta property=\"og:locale\" content=\"es_MX\" \/>\n<meta property=\"og:type\" content=\"article\" \/>\n<meta property=\"og:title\" content=\"Young Adults Ages 16-24 - Workforce Alliance\" \/>\n<meta property=\"og:description\" content=\"Young adults up to age 24 who are not enrolled in high school or college can apply to participate in community-based training programs funded by Workforce Alliance. Young adults living throughout South Central CT (see map) are encouraged to apply.\" \/>\n<meta property=\"og:url\" content=\"https:\/\/workforcealliance.biz\/es\/youth-and-young-adults\/young-adults-16-24\/\" \/>\n<meta property=\"og:site_name\" content=\"Workforce Alliance\" \/>\n<meta property=\"article:modified_time\" content=\"2025-05-05T10:55:50+00:00\" \/>\n<meta name=\"twitter:card\" content=\"summary_large_image\" \/>\n<meta name=\"twitter:label1\" content=\"Tiempo de lectura\" \/>\n\t<meta name=\"twitter:data1\" content=\"3 minutos\" \/>\n<script type=\"application\/ld+json\" class=\"yoast-schema-graph\">{\"@context\":\"https:\/\/schema.org\",\"@graph\":[{\"@type\":\"WebPage\",\"@id\":\"https:\/\/workforcealliance.biz\/youth-and-young-adults\/young-adults-16-24\/\",\"url\":\"https:\/\/workforcealliance.biz\/youth-and-young-adults\/young-adults-16-24\/\",\"name\":\"Young Adults Ages 16-24 - Workforce Alliance\",\"isPartOf\":{\"@id\":\"https:\/\/workforcealliance.biz\/#website\"},\"datePublished\":\"2019-01-19T13:05:14+00:00\",\"dateModified\":\"2025-05-05T10:55:50+00:00\",\"description\":\"Young adults up to age 24 who are not enrolled in high school or college can apply to participate in community-based training programs funded by Workforce Alliance. Young adults living throughout South Central CT (see map) are encouraged to apply.\",\"breadcrumb\":{\"@id\":\"https:\/\/workforcealliance.biz\/youth-and-young-adults\/young-adults-16-24\/#breadcrumb\"},\"inLanguage\":\"es\",\"potentialAction\":[{\"@type\":\"ReadAction\",\"target\":[\"https:\/\/workforcealliance.biz\/youth-and-young-adults\/young-adults-16-24\/\"]}]},{\"@type\":\"BreadcrumbList\",\"@id\":\"https:\/\/workforcealliance.biz\/youth-and-young-adults\/young-adults-16-24\/#breadcrumb\",\"itemListElement\":[{\"@type\":\"ListItem\",\"position\":1,\"name\":\"Home\",\"item\":\"https:\/\/workforcealliance.biz\/\"},{\"@type\":\"ListItem\",\"position\":2,\"name\":\"Youth and Young Adults\",\"item\":\"https:\/\/workforcealliance.biz\/youth-and-young-adults\/\"},{\"@type\":\"ListItem\",\"position\":3,\"name\":\"Young Adults Ages 16-24\"}]},{\"@type\":\"WebSite\",\"@id\":\"https:\/\/workforcealliance.biz\/#website\",\"url\":\"https:\/\/workforcealliance.biz\/\",\"name\":\"Workforce Alliance\",\"description\":\"\",\"potentialAction\":[{\"@type\":\"SearchAction\",\"target\":{\"@type\":\"EntryPoint\",\"urlTemplate\":\"https:\/\/workforcealliance.biz\/?s={search_term_string}\"},\"query-input\":{\"@type\":\"PropertyValueSpecification\",\"valueRequired\":true,\"valueName\":\"search_term_string\"}}],\"inLanguage\":\"es\"}]}<\/script>\n<!-- \/ Yoast SEO plugin. -->","yoast_head_json":{"title":"Young Adults Ages 16-24 - Workforce Alliance","description":"Los adultos j\u00f3venes de hasta 24 a\u00f1os de edad que no est\u00e1n inscritos en la escuela secundaria o en la universidad pueden solicitar participar en programas de capacitaci\u00f3n basados en la comunidad financiados por Workforce Alliance. Se anima a los j\u00f3venes adultos que viven en todo el centro-sur de CT (ver mapa) a solicitarlo.","robots":{"index":"index","follow":"follow","max-snippet":"max-snippet:-1","max-image-preview":"max-image-preview:large","max-video-preview":"max-video-preview:-1"},"canonical":"https:\/\/workforcealliance.biz\/es\/youth-and-young-adults\/young-adults-16-24\/","og_locale":"es_MX","og_type":"article","og_title":"Young Adults Ages 16-24 - Workforce Alliance","og_description":"Young adults up to age 24 who are not enrolled in high school or college can apply to participate in community-based training programs funded by Workforce Alliance. Young adults living throughout South Central CT (see map) are encouraged to apply.","og_url":"https:\/\/workforcealliance.biz\/es\/youth-and-young-adults\/young-adults-16-24\/","og_site_name":"Workforce Alliance","article_modified_time":"2025-05-05T10:55:50+00:00","twitter_card":"summary_large_image","twitter_misc":{"Tiempo de lectura":"3 minutos"},"schema":{"@context":"https:\/\/schema.org","@graph":[{"@type":"WebPage","@id":"https:\/\/workforcealliance.biz\/youth-and-young-adults\/young-adults-16-24\/","url":"https:\/\/workforcealliance.biz\/youth-and-young-adults\/young-adults-16-24\/","name":"Young Adults Ages 16-24 - Workforce Alliance","isPartOf":{"@id":"https:\/\/workforcealliance.biz\/#website"},"datePublished":"2019-01-19T13:05:14+00:00","dateModified":"2025-05-05T10:55:50+00:00","description":"Los adultos j\u00f3venes de hasta 24 a\u00f1os de edad que no est\u00e1n inscritos en la escuela secundaria o en la universidad pueden solicitar participar en programas de capacitaci\u00f3n basados en la comunidad financiados por Workforce Alliance. Se anima a los j\u00f3venes adultos que viven en todo el centro-sur de CT (ver mapa) a solicitarlo.","breadcrumb":{"@id":"https:\/\/workforcealliance.biz\/youth-and-young-adults\/young-adults-16-24\/#breadcrumb"},"inLanguage":"es","potentialAction":[{"@type":"ReadAction","target":["https:\/\/workforcealliance.biz\/youth-and-young-adults\/young-adults-16-24\/"]}]},{"@type":"BreadcrumbList","@id":"https:\/\/workforcealliance.biz\/youth-and-young-adults\/young-adults-16-24\/#breadcrumb","itemListElement":[{"@type":"ListItem","position":1,"name":"Home","item":"https:\/\/workforcealliance.biz\/"},{"@type":"ListItem","position":2,"name":"Youth and Young Adults","item":"https:\/\/workforcealliance.biz\/youth-and-young-adults\/"},{"@type":"ListItem","position":3,"name":"Young Adults Ages 16-24"}]},{"@type":"WebSite","@id":"https:\/\/workforcealliance.biz\/#website","url":"https:\/\/workforcealliance.biz\/","name":"Alianza de la Fuerza de Trabajo","description":"","potentialAction":[{"@type":"SearchAction","target":{"@type":"EntryPoint","urlTemplate":"https:\/\/workforcealliance.biz\/?s={search_term_string}"},"query-input":{"@type":"PropertyValueSpecification","valueRequired":true,"valueName":"search_term_string"}}],"inLanguage":"es"}]}},"_links":{"self":[{"href":"https:\/\/workforcealliance.biz\/es\/wp-json\/wp\/v2\/pages\/2025","targetHints":{"allow":["GET"]}}],"collection":[{"href":"https:\/\/workforcealliance.biz\/es\/wp-json\/wp\/v2\/pages"}],"about":[{"href":"https:\/\/workforcealliance.biz\/es\/wp-json\/wp\/v2\/types\/page"}],"author":[{"embeddable":true,"href":"https:\/\/workforcealliance.biz\/es\/wp-json\/wp\/v2\/users\/13"}],"replies":[{"embeddable":true,"href":"https:\/\/workforcealliance.biz\/es\/wp-json\/wp\/v2\/comments?post=2025"}],"version-history":[{"count":48,"href":"https:\/\/workforcealliance.biz\/es\/wp-json\/wp\/v2\/pages\/2025\/revisions"}],"predecessor-version":[{"id":8818,"href":"https:\/\/workforcealliance.biz\/es\/wp-json\/wp\/v2\/pages\/2025\/revisions\/8818"}],"up":[{"embeddable":true,"href":"https:\/\/workforcealliance.biz\/es\/wp-json\/wp\/v2\/pages\/1945"}],"wp:attachment":[{"href":"https:\/\/workforcealliance.biz\/es\/wp-json\/wp\/v2\/media?parent=2025"}],"curies":[{"name":"wp","href":"https:\/\/api.w.org\/{rel}","templated":true}]}}