{"id":7482,"date":"2024-01-10T06:17:27","date_gmt":"2024-01-10T11:17:27","guid":{"rendered":"https:\/\/workforcealliance.biz\/?page_id=7482"},"modified":"2025-05-05T06:50:47","modified_gmt":"2025-05-05T10:50:47","slug":"news","status":"publish","type":"page","link":"https:\/\/workforcealliance.biz\/es\/news\/","title":{"rendered":"New Articles\/Press Releases"},"content":{"rendered":"<div id=\"pl-7482\"  class=\"panel-layout\" ><div id=\"pg-7482-0\"  class=\"panel-grid panel-has-style\" ><div class=\"full_container default_order panel-row-style panel-row-style-for-7482-0\" ><div id=\"pgc-7482-0-0\"  class=\"panel-grid-cell\" ><div id=\"panel-7482-0-0-0\" class=\"so-panel widget widget_small-header panel-first-child panel-last-child\" data-index=\"0\" ><div\n\t\t\t\n\t\t\tclass=\"so-widget-small-header so-widget-small-header-default-d75171398898-7482\"\n\t\t\t\n\t\t>\n\n<div class=\"image_top_header_single  center_center_bg_sm\"  style=\"background-image:url(https:\/\/workforcealliance.biz\/wp-content\/uploads\/2024\/01\/news_podcast.jpg);\">\n\n\t\n\n    <div class=\"large_container\">\n\t<div class=\"cotent_header_small\"> \n\t<div class=\"content_title_subtitle\"> \n\t\t<h1 class=\"bar_top_title\" >Workforce <span>Today<\/span><\/h1>\n\t\t<div class=\"subtitle_header\">News, Podcasts, Videos, and More!<\/div><\/div>\t<\/div>\n\t<\/div>\n<\/div>\n<\/div><\/div><\/div><\/div><\/div><div id=\"pg-7482-1\"  class=\"panel-grid panel-has-style\" ><div class=\"row_menu full_container default_order panel-row-style panel-row-style-for-7482-1\" ><div id=\"pgc-7482-1-0\"  class=\"panel-grid-cell\" ><div id=\"panel-7482-1-0-0\" class=\"so-panel widget widget_empty-space panel-first-child\" data-index=\"1\" ><div\n\t\t\t\n\t\t\tclass=\"so-widget-empty-space so-widget-empty-space-default-d75171398898-7482\"\n\t\t\t\n\t\t><div class=\"empty_space_custom medium_space\">\r\n<\/div><\/div><\/div><div id=\"panel-7482-1-0-1\" class=\"so-panel widget widget_siteorigin-panels-builder\" data-index=\"2\" ><div id=\"pl-w659fc1d06aee6\"  class=\"panel-layout\" ><div id=\"pg-w659fc1d06aee6-0\"  class=\"panel-grid panel-has-style\" ><div class=\"large_container default_order panel-row-style panel-row-style-for-w659fc1d06aee6-0\" ><div id=\"pgc-w659fc1d06aee6-0-0\"  class=\"panel-grid-cell\" ><div id=\"panel-w659fc1d06aee6-0-0-0\" class=\"so-panel widget widget_nav_menu panel-first-child panel-last-child\" data-index=\"0\" ><div class=\"menu-menu-workforce-container\"><ul id=\"menu-menu-workforce\" class=\"menu\"><li id=\"menu-item-7582\" class=\"menu-item menu-item-type-post_type menu-item-object-page menu-item-7582\"><a href=\"https:\/\/workforcealliance.biz\/es\/news\/\">New Articles\/Press Releases<\/a><\/li>\n<li id=\"menu-item-7583\" class=\"menu-item menu-item-type-post_type menu-item-object-page menu-item-7583\"><a href=\"https:\/\/workforcealliance.biz\/es\/video-podcast\/\">Video\/Podcast<\/a><\/li>\n<li id=\"menu-item-7584\" class=\"menu-item menu-item-type-post_type menu-item-object-page menu-item-7584\"><a href=\"https:\/\/workforcealliance.biz\/es\/workforce-alliance-careers\/\">Carreras de Workforce Alliance<\/a><\/li>\n<\/ul><\/div><\/div><\/div><\/div><\/div><\/div><\/div><div id=\"panel-7482-1-0-2\" class=\"so-panel widget widget_empty-space panel-last-child\" data-index=\"3\" ><div\n\t\t\t\n\t\t\tclass=\"so-widget-empty-space so-widget-empty-space-default-d75171398898-7482\"\n\t\t\t\n\t\t><div class=\"empty_space_custom medium_space\">\r\n<\/div><\/div><\/div><\/div><\/div><\/div><div id=\"pg-7482-2\"  class=\"panel-grid panel-has-style\" ><div class=\"large_container default_order panel-row-style panel-row-style-for-7482-2\" ><div id=\"pgc-7482-2-0\"  class=\"panel-grid-cell\" ><div id=\"panel-7482-2-0-0\" class=\"so-panel widget widget_empty-space panel-first-child\" data-index=\"4\" ><div\n\t\t\t\n\t\t\tclass=\"so-widget-empty-space so-widget-empty-space-default-d75171398898-7482\"\n\t\t\t\n\t\t><div class=\"empty_space_custom medium_space\">\r\n<\/div><\/div><\/div><div id=\"panel-7482-2-0-1\" class=\"so-panel widget widget_loop-cust\" data-index=\"5\" ><div\n\t\t\t\n\t\t\tclass=\"so-widget-loop-cust so-widget-loop-cust-default-d75171398898-7482\"\n\t\t\t\n\t\t><div class=\"list_custom_loop\"><div class=\"item_list_blog\"> \n\t\t<div class=\"item_list_blog_left\">\n\t\t\t<div class=\"title_blog_pst\"><a class=\"link_tobl_post\" href=\"https:\/\/workforcealliance.biz\/wp-content\/uploads\/2022\/03\/Software-engineer-program-with-DAE-v1-2.docx\" target=\"_blank\">Workforce Alliance Launches Software Engineering Program With DAE 4-Month Hands-On Immersion Program For Adults Ages 18-28<\/a><\/div>\n\t\t\t<div class=\"excerpt_text_blog\">New Haven, Conn. February 17, 2022 \u2013 Workforce Alliance is launching a new software engineering training program for adults ages 18-28 in collaboration with New Haven based tech education center, District Arts &amp; Education (DAE). The four-month, hands-on immersion program equips graduates with skills to build websites and web applications. Workforce Alliance is offering full scholarships to qualified Connecticut residents. The program begins March 7 and meets four days per week. To learn more visit https:\/\/www.transformnhv.org\/adult-skills-academy<\/div>\n\t\t\t<div class=\"button_custom_wigdets read_more_blog style1_btn\"><a class=\"button_custom\"  href=\"https:\/\/workforcealliance.biz\/wp-content\/uploads\/2022\/03\/Software-engineer-program-with-DAE-v1-2.docx\" target=\"_blank\">Download Press Release<\/a><\/div>\n\t\t<\/div><div class=\"item_list_blog_right\">\n\t\t\t<a href=\"https:\/\/workforcealliance.biz\/wp-content\/uploads\/2022\/03\/Software-engineer-program-with-DAE-v1-2.docx\" target=\"_blank\">\n\t\t\t\t<div class=\"featured_img_bg\" style=\"background-image:url('https:\/\/workforcealliance.biz\/wp-content\/uploads\/2024\/01\/workforce_alliance.jpg')\" ><\/div>\n\t\t\t<\/a>\t\n\t\t<\/div><\/div><div class=\"item_list_blog\"> \n\t\t<div class=\"item_list_blog_left\">\n\t\t\t<div class=\"title_blog_pst\"><a class=\"link_tobl_post\" href=\"https:\/\/workforcealliance.biz\/wp-content\/uploads\/2021\/10\/CAREER-Grant-100721.pdf\" target=\"_self\">Rep. Rosa Delauro And Workforce Alliance Celebrate $2.5 Million Career Dislocated Worker Grant<\/a><\/div>\n\t\t\t<div class=\"excerpt_text_blog\">OCTOBER 7, 2021: Representative Rosa DeLauro was joined by local workforce development leaders and job training participants to celebrate the United States Department of Labor\u2019s CAREER Dislocated Worker Grant. The $2.5 million award to Workforce Alliance, Inc. will be shared by the state\u2019s five workforce boards and improve access to employment and training assistance for job seekers including online learning and career exploration opportunities and expanded awareness of workforce services among marginalized communities with all levels of digital literacy and access.<\/div>\n\t\t\t<div class=\"button_custom_wigdets read_more_blog style1_btn\"><a class=\"button_custom\"  href=\"https:\/\/workforcealliance.biz\/wp-content\/uploads\/2021\/10\/CAREER-Grant-100721.pdf\" target=\"_self\">Download Press Release<\/a><\/div>\n\t\t<\/div><div class=\"item_list_blog_right\">\n\t\t\t<a href=\"https:\/\/workforcealliance.biz\/wp-content\/uploads\/2021\/10\/CAREER-Grant-100721.pdf\" target=\"_self\">\n\t\t\t\t<div class=\"featured_img_bg\" style=\"background-image:url('https:\/\/workforcealliance.biz\/wp-content\/uploads\/2024\/01\/rep_rosa_delauro.jpg')\" ><\/div>\n\t\t\t<\/a>\t\n\t\t<\/div><\/div><div class=\"item_list_blog\"> \n\t\t<div class=\"item_list_blog_left\">\n\t\t\t<div class=\"title_blog_pst\"><a class=\"link_tobl_post\" href=\"https:\/\/workforcealliance.biz\/wp-content\/uploads\/2021\/07\/CFGNH-Grant-Announcment_072221.pdf\" target=\"_self\">Racial Equity &#038; Accountability Initiative Receives Funding From The Community Foundation For Greater New Haven<\/a><\/div>\n\t\t\t<div class=\"excerpt_text_blog\"><\/div>\n\t\t\t<div class=\"button_custom_wigdets read_more_blog style1_btn\"><a class=\"button_custom\"  href=\"https:\/\/workforcealliance.biz\/wp-content\/uploads\/2021\/07\/CFGNH-Grant-Announcment_072221.pdf\" target=\"_self\">Download Press Release<\/a><\/div>\n\t\t<\/div><div class=\"item_list_blog_right\">\n\t\t\t<a href=\"https:\/\/workforcealliance.biz\/wp-content\/uploads\/2021\/07\/CFGNH-Grant-Announcment_072221.pdf\" target=\"_self\">\n\t\t\t\t<div class=\"featured_img_bg\" style=\"background-image:url('https:\/\/workforcealliance.biz\/wp-content\/uploads\/2024\/01\/racial_equity.jpg')\" ><\/div>\n\t\t\t<\/a>\t\n\t\t<\/div><\/div><div class=\"item_list_blog  class_no_featured\"> \n\t\t<div class=\"item_list_blog_left\">\n\t\t\t<div class=\"title_blog_pst\"><a class=\"link_tobl_post\" href=\"https:\/\/workforcealliance.biz\/wp-content\/uploads\/2021\/07\/CFGNH-Grant-Announcment_072221.pdf\" target=\"_self\">Workforce Alliance recibe una subvenci\u00f3n de $1,4 millones del Departamento de Trabajo de EE.UU. para un programa de reinserci\u00f3n de ex delincuentes adultos<\/a><\/div>\n\t\t\t<div class=\"excerpt_text_blog\"><\/div>\n\t\t\t<div class=\"button_custom_wigdets read_more_blog style1_btn\"><a class=\"button_custom\"  href=\"https:\/\/workforcealliance.biz\/wp-content\/uploads\/2021\/07\/CFGNH-Grant-Announcment_072221.pdf\" target=\"_self\">Download Press Release<\/a><\/div>\n\t\t<\/div><\/div><div class=\"item_list_blog  class_no_featured\"> \n\t\t<div class=\"item_list_blog_left\">\n\t\t\t<div class=\"title_blog_pst\"><a class=\"link_tobl_post\" href=\"https:\/\/workforcealliance.biz\/wp-content\/uploads\/2021\/07\/FINAL-Youth-Career-Resource-Fair_Project-CEO-event-alert061421.pdf\" target=\"_self\">La Feria de Carreras y Recursos pone en contacto a los j\u00f3venes de Greater New Haven con m\u00e1s de 30 empleadores y organizaciones comunitarias<\/a><\/div>\n\t\t\t<div class=\"excerpt_text_blog\"><\/div>\n\t\t\t<div class=\"button_custom_wigdets read_more_blog style1_btn\"><a class=\"button_custom\"  href=\"https:\/\/workforcealliance.biz\/wp-content\/uploads\/2021\/07\/FINAL-Youth-Career-Resource-Fair_Project-CEO-event-alert061421.pdf\" target=\"_self\">Download Press Release<\/a><\/div>\n\t\t<\/div><\/div><div class=\"item_list_blog  class_no_featured\"> \n\t\t<div class=\"item_list_blog_left\">\n\t\t\t<div class=\"title_blog_pst\"><a class=\"link_tobl_post\" href=\"https:\/\/workforcealliance.biz\/wp-content\/uploads\/2021\/07\/Skill-Up-Summer-2021-060121.pdf\" target=\"_self\">Attention Job Seekers: Skill Up for Manufacturing Pre-Apprentice Program Registration Deadline Extended<\/a><\/div>\n\t\t\t<div class=\"excerpt_text_blog\"><\/div>\n\t\t\t<div class=\"button_custom_wigdets read_more_blog style1_btn\"><a class=\"button_custom\"  href=\"https:\/\/workforcealliance.biz\/wp-content\/uploads\/2021\/07\/Skill-Up-Summer-2021-060121.pdf\" target=\"_self\">Download Press Release<\/a><\/div>\n\t\t<\/div><\/div><div class=\"item_list_blog  class_no_featured\"> \n\t\t<div class=\"item_list_blog_left\">\n\t\t\t<div class=\"title_blog_pst\"><a class=\"link_tobl_post\" href=\"https:\/\/workforcealliance.biz\/wp-content\/uploads\/2021\/07\/COVID-Community-Hiring-Grant-Announcement-Boys-Girls-Club.pdf\" target=\"_self\">Workforce Alliance Connects Organizations with Emergency Funding to Hire Displaced Workers &#038; Expand Community Services<\/a><\/div>\n\t\t\t<div class=\"excerpt_text_blog\"><\/div>\n\t\t\t<div class=\"button_custom_wigdets read_more_blog style1_btn\"><a class=\"button_custom\"  href=\"https:\/\/workforcealliance.biz\/wp-content\/uploads\/2021\/07\/COVID-Community-Hiring-Grant-Announcement-Boys-Girls-Club.pdf\" target=\"_self\">Download Press Release<\/a><\/div>\n\t\t<\/div><\/div><div class=\"item_list_blog  class_no_featured\"> \n\t\t<div class=\"item_list_blog_left\">\n\t\t\t<div class=\"title_blog_pst\"><a class=\"link_tobl_post\" href=\"https:\/\/workforcealliance.biz\/wp-content\/uploads\/2021\/07\/FINAL-Virtual-Job-Fair-Series-Launched-101620.pdf\" target=\"_self\">Workforce Alliance lanza una serie de contrataciones virtuales para cubrir cientos de puestos de trabajo inmediatos<\/a><\/div>\n\t\t\t<div class=\"excerpt_text_blog\"><\/div>\n\t\t\t<div class=\"button_custom_wigdets read_more_blog style1_btn\"><a class=\"button_custom\"  href=\"https:\/\/workforcealliance.biz\/wp-content\/uploads\/2021\/07\/FINAL-Virtual-Job-Fair-Series-Launched-101620.pdf\" target=\"_self\">Download Press Release<\/a><\/div>\n\t\t<\/div><\/div><div class=\"item_list_blog  class_no_featured\"> \n\t\t<div class=\"item_list_blog_left\">\n\t\t\t<div class=\"title_blog_pst\"><a class=\"link_tobl_post\" href=\"https:\/\/workforcealliance.biz\/wp-content\/uploads\/2021\/07\/FINAL-Virtual-Rountable-Recovery-Works-Alert-092520.pdf\" target=\"_self\">Workforce Alliance Partners with Rep. Sean Scanlon to Highlight Recovery Job Training Initiatives with Special Guest Lt. Gov. Susan Bysiewicz<\/a><\/div>\n\t\t\t<div class=\"excerpt_text_blog\"><\/div>\n\t\t\t<div class=\"button_custom_wigdets read_more_blog style1_btn\"><a class=\"button_custom\"  href=\"https:\/\/workforcealliance.biz\/wp-content\/uploads\/2021\/07\/FINAL-Virtual-Rountable-Recovery-Works-Alert-092520.pdf\" target=\"_self\">Download Press Release<\/a><\/div>\n\t\t<\/div><\/div><div class=\"item_list_blog  class_no_featured\"> \n\t\t<div class=\"item_list_blog_left\">\n\t\t\t<div class=\"title_blog_pst\"><a class=\"link_tobl_post\" href=\"https:\/\/workforcealliance.biz\/wp-content\/uploads\/2019\/12\/Skill-Up-2020-Sessions-Announced.pdf\" target=\"_self\">Abierto el plazo de inscripci\u00f3n para tres sesiones de Skill Up for Manufacturing, Workforce Alliance a\u00f1ade opciones de formaci\u00f3n en pl\u00e1sticos y CNC<\/a><\/div>\n\t\t\t<div class=\"excerpt_text_blog\"><\/div>\n\t\t\t<div class=\"button_custom_wigdets read_more_blog style1_btn\"><a class=\"button_custom\"  href=\"https:\/\/workforcealliance.biz\/wp-content\/uploads\/2019\/12\/Skill-Up-2020-Sessions-Announced.pdf\" target=\"_self\">Download Press Release<\/a><\/div>\n\t\t<\/div><\/div><div class='wp-pagenavi' role='navigation'>\n<span class='pages'>P\u00e1gina 1 de 2<\/span><span aria-current='page' class='current'>1<\/span><a class=\"page larger\" title=\"P\u00e1gina 2\" href=\"https:\/\/workforcealliance.biz\/es\/wp-json\/wp\/v2\/pages\/7482\/page\/2\/\">2<\/a><a class=\"nextpostslink\" rel=\"next\" aria-label=\"P\u00e1gina siguiente\" href=\"https:\/\/workforcealliance.biz\/es\/wp-json\/wp\/v2\/pages\/7482\/page\/2\/\">&raquo;<\/a>\n<\/div><\/div><\/div><\/div><div id=\"panel-7482-2-0-2\" class=\"so-panel widget widget_empty-space panel-last-child\" data-index=\"6\" ><div\n\t\t\t\n\t\t\tclass=\"so-widget-empty-space so-widget-empty-space-default-d75171398898-7625\"\n\t\t\t\n\t\t><div class=\"empty_space_custom medium_space\">\r\n<\/div><\/div><\/div><\/div><\/div><\/div><\/div>","protected":false},"excerpt":{"rendered":"<p>Workforce Today News, Podcasts, Videos, and More! New Articles\/Press Releases Video\/Podcast Workforce Alliance Careers Workforce Alliance Launches Software Engineering Program With DAE 4-Month Hands-On Immersion Program For Adults Ages 18-28 New Haven, Conn. February 17, 2022 \u2013 Workforce Alliance is launching a new software engineering training program for adults ages 18-28 in collaboration with New [&hellip;]<\/p>\n","protected":false},"author":21,"featured_media":0,"parent":0,"menu_order":0,"comment_status":"closed","ping_status":"closed","template":"","meta":{"_acf_changed":false,"footnotes":""},"class_list":["post-7482","page","type-page","status-publish","hentry"],"acf":[],"yoast_head":"<!-- This site is optimized with the Yoast SEO plugin v27.2 - https:\/\/yoast.com\/product\/yoast-seo-wordpress\/ -->\n<title>New Articles\/Press Releases - Workforce Alliance<\/title>\n<meta name=\"description\" content=\"Workforce Today News, Podcasts, Videos, and More!\" \/>\n<meta name=\"robots\" content=\"index, follow, max-snippet:-1, max-image-preview:large, max-video-preview:-1\" \/>\n<link rel=\"canonical\" href=\"https:\/\/workforcealliance.biz\/es\/news\/\" \/>\n<meta property=\"og:locale\" content=\"es_MX\" \/>\n<meta property=\"og:type\" content=\"article\" \/>\n<meta property=\"og:title\" content=\"New Articles\/Press Releases - Workforce Alliance\" \/>\n<meta property=\"og:description\" content=\"Workforce Today News, Podcasts, Videos, and More!\" \/>\n<meta property=\"og:url\" content=\"https:\/\/workforcealliance.biz\/es\/news\/\" \/>\n<meta property=\"og:site_name\" content=\"Workforce Alliance\" \/>\n<meta property=\"article:modified_time\" content=\"2025-05-05T10:50:47+00:00\" \/>\n<meta name=\"twitter:card\" content=\"summary_large_image\" \/>\n<meta name=\"twitter:label1\" content=\"Tiempo de lectura\" \/>\n\t<meta name=\"twitter:data1\" content=\"2 minutos\" \/>\n<script type=\"application\/ld+json\" class=\"yoast-schema-graph\">{\"@context\":\"https:\/\/schema.org\",\"@graph\":[{\"@type\":\"WebPage\",\"@id\":\"https:\/\/workforcealliance.biz\/news\/\",\"url\":\"https:\/\/workforcealliance.biz\/news\/\",\"name\":\"New Articles\/Press Releases - Workforce Alliance\",\"isPartOf\":{\"@id\":\"https:\/\/workforcealliance.biz\/#website\"},\"datePublished\":\"2024-01-10T11:17:27+00:00\",\"dateModified\":\"2025-05-05T10:50:47+00:00\",\"description\":\"Workforce Today News, Podcasts, Videos, and More!\",\"breadcrumb\":{\"@id\":\"https:\/\/workforcealliance.biz\/news\/#breadcrumb\"},\"inLanguage\":\"es\",\"potentialAction\":[{\"@type\":\"ReadAction\",\"target\":[\"https:\/\/workforcealliance.biz\/news\/\"]}]},{\"@type\":\"BreadcrumbList\",\"@id\":\"https:\/\/workforcealliance.biz\/news\/#breadcrumb\",\"itemListElement\":[{\"@type\":\"ListItem\",\"position\":1,\"name\":\"Home\",\"item\":\"https:\/\/workforcealliance.biz\/\"},{\"@type\":\"ListItem\",\"position\":2,\"name\":\"New Articles\/Press Releases\"}]},{\"@type\":\"WebSite\",\"@id\":\"https:\/\/workforcealliance.biz\/#website\",\"url\":\"https:\/\/workforcealliance.biz\/\",\"name\":\"Workforce Alliance\",\"description\":\"\",\"potentialAction\":[{\"@type\":\"SearchAction\",\"target\":{\"@type\":\"EntryPoint\",\"urlTemplate\":\"https:\/\/workforcealliance.biz\/?s={search_term_string}\"},\"query-input\":{\"@type\":\"PropertyValueSpecification\",\"valueRequired\":true,\"valueName\":\"search_term_string\"}}],\"inLanguage\":\"es\"}]}<\/script>\n<!-- \/ Yoast SEO plugin. -->","yoast_head_json":{"title":"New Articles\/Press Releases - Workforce Alliance","description":"Workforce Today News, Podcasts, Videos, and More!","robots":{"index":"index","follow":"follow","max-snippet":"max-snippet:-1","max-image-preview":"max-image-preview:large","max-video-preview":"max-video-preview:-1"},"canonical":"https:\/\/workforcealliance.biz\/es\/news\/","og_locale":"es_MX","og_type":"article","og_title":"New Articles\/Press Releases - Workforce Alliance","og_description":"Workforce Today News, Podcasts, Videos, and More!","og_url":"https:\/\/workforcealliance.biz\/es\/news\/","og_site_name":"Workforce Alliance","article_modified_time":"2025-05-05T10:50:47+00:00","twitter_card":"summary_large_image","twitter_misc":{"Tiempo de lectura":"2 minutos"},"schema":{"@context":"https:\/\/schema.org","@graph":[{"@type":"WebPage","@id":"https:\/\/workforcealliance.biz\/news\/","url":"https:\/\/workforcealliance.biz\/news\/","name":"New Articles\/Press Releases - Workforce Alliance","isPartOf":{"@id":"https:\/\/workforcealliance.biz\/#website"},"datePublished":"2024-01-10T11:17:27+00:00","dateModified":"2025-05-05T10:50:47+00:00","description":"Workforce Today News, Podcasts, Videos, and More!","breadcrumb":{"@id":"https:\/\/workforcealliance.biz\/news\/#breadcrumb"},"inLanguage":"es","potentialAction":[{"@type":"ReadAction","target":["https:\/\/workforcealliance.biz\/news\/"]}]},{"@type":"BreadcrumbList","@id":"https:\/\/workforcealliance.biz\/news\/#breadcrumb","itemListElement":[{"@type":"ListItem","position":1,"name":"Home","item":"https:\/\/workforcealliance.biz\/"},{"@type":"ListItem","position":2,"name":"New Articles\/Press Releases"}]},{"@type":"WebSite","@id":"https:\/\/workforcealliance.biz\/#website","url":"https:\/\/workforcealliance.biz\/","name":"Alianza de la Fuerza de Trabajo","description":"","potentialAction":[{"@type":"SearchAction","target":{"@type":"EntryPoint","urlTemplate":"https:\/\/workforcealliance.biz\/?s={search_term_string}"},"query-input":{"@type":"PropertyValueSpecification","valueRequired":true,"valueName":"search_term_string"}}],"inLanguage":"es"}]}},"_links":{"self":[{"href":"https:\/\/workforcealliance.biz\/es\/wp-json\/wp\/v2\/pages\/7482","targetHints":{"allow":["GET"]}}],"collection":[{"href":"https:\/\/workforcealliance.biz\/es\/wp-json\/wp\/v2\/pages"}],"about":[{"href":"https:\/\/workforcealliance.biz\/es\/wp-json\/wp\/v2\/types\/page"}],"author":[{"embeddable":true,"href":"https:\/\/workforcealliance.biz\/es\/wp-json\/wp\/v2\/users\/21"}],"replies":[{"embeddable":true,"href":"https:\/\/workforcealliance.biz\/es\/wp-json\/wp\/v2\/comments?post=7482"}],"version-history":[{"count":8,"href":"https:\/\/workforcealliance.biz\/es\/wp-json\/wp\/v2\/pages\/7482\/revisions"}],"predecessor-version":[{"id":8546,"href":"https:\/\/workforcealliance.biz\/es\/wp-json\/wp\/v2\/pages\/7482\/revisions\/8546"}],"wp:attachment":[{"href":"https:\/\/workforcealliance.biz\/es\/wp-json\/wp\/v2\/media?parent=7482"}],"curies":[{"name":"wp","href":"https:\/\/api.w.org\/{rel}","templated":true}]}}