{"id":7745,"date":"2024-02-06T06:58:36","date_gmt":"2024-02-06T11:58:36","guid":{"rendered":"https:\/\/workforcealliance.biz\/?page_id=7745"},"modified":"2025-05-20T15:15:10","modified_gmt":"2025-05-20T19:15:10","slug":"programs","status":"publish","type":"page","link":"https:\/\/workforcealliance.biz\/es\/programs\/","title":{"rendered":"Programs"},"content":{"rendered":"<div id=\"pl-7745\"  class=\"panel-layout\" ><div id=\"pg-7745-0\"  class=\"panel-grid panel-has-style\" ><div class=\"full_container default_order panel-row-style panel-row-style-for-7745-0\" ><div id=\"pgc-7745-0-0\"  class=\"panel-grid-cell\" ><div id=\"panel-7745-0-0-0\" class=\"so-panel widget widget_small-header panel-first-child panel-last-child\" data-index=\"0\" ><div\n\t\t\t\n\t\t\tclass=\"so-widget-small-header so-widget-small-header-default-d75171398898-7745\"\n\t\t\t\n\t\t>\n\n<div class=\"image_top_header_single  center_center_bg_sm\"  style=\"background-image:url(https:\/\/workforcealliance.biz\/wp-content\/uploads\/2024\/01\/news_podcast.jpg);\">\n\n\t\n\n    <div class=\"large_container\">\n\t<div class=\"cotent_header_small\"> \n\t<div class=\"content_title_subtitle\"> \n\t\t<h1 class=\"bar_top_title\" >Programs<\/h1>\n\t\t<\/div>\t<\/div>\n\t<\/div>\n<\/div>\n<\/div><\/div><\/div><\/div><\/div><div id=\"pg-7745-1\"  class=\"panel-grid panel-has-style\" ><div class=\"large_container default_order panel-row-style panel-row-style-for-7745-1\" ><div id=\"pgc-7745-1-0\"  class=\"panel-grid-cell\" ><div id=\"panel-7745-1-0-0\" class=\"so-panel widget widget_empty-space panel-first-child\" data-index=\"1\" ><div\n\t\t\t\n\t\t\tclass=\"so-widget-empty-space so-widget-empty-space-default-d75171398898-7745\"\n\t\t\t\n\t\t><div class=\"empty_space_custom medium_space\">\r\n<\/div><\/div><\/div><div id=\"panel-7745-1-0-1\" class=\"so-panel widget widget_repeater-box-link\" data-index=\"2\" ><div\n\t\t\t\n\t\t\tclass=\"so-widget-repeater-box-link so-widget-repeater-box-link-default-d75171398898-7745\"\n\t\t\t\n\t\t><div class=\"content_repeter_box_link   list_boxes\"><div class=\"box_image_link_rep\" >\r\n            <div class=\"image_rp_lk\"  style=\"background-image:url('https:\/\/workforcealliance.biz\/wp-content\/uploads\/2024\/01\/shutterstock_1256564830-scaled-1.jpg'); \"   ><a class=\"link_image\" target=\"_blank\" href=\"https:\/\/workforcealliance.biz\/es\/jfes\/\" ><\/a><\/div><div class=\"title_rp_bx\" ><a class=\"link_title_r\" target=\"_blank\" href=\"https:\/\/workforcealliance.biz\/es\/jfes\/\" >Servicios de empleo Jobs First<\/a><\/div><div class=\"textarea_descr\" >DSS o su consultor de b\u00fasqueda de empleo JFES se pondr\u00e1 en contacto con usted. Las citas individuales est\u00e1n disponibles con cita previa en Zoom o en persona.<\/div><\/div><div class=\"box_image_link_rep\" >\r\n            <div class=\"image_rp_lk\"  style=\"background-image:url('https:\/\/workforcealliance.biz\/wp-content\/uploads\/2024\/01\/workforce_alliance.jpg'); \"   ><a class=\"link_image\" target=\"_self\" href=\"https:\/\/workforcealliance.biz\/es\/nseo\/\" ><\/a><\/div><div class=\"title_rp_bx\" ><a class=\"link_title_r\" target=\"_self\" href=\"https:\/\/workforcealliance.biz\/es\/nseo\/\" >Next Steps Ex-Offenders<\/a><\/div><div class=\"textarea_descr\" >Next Steps ayuda a los solicitantes de empleo que han estado implicados en el sistema de justicia penal a adquirir habilidades para la vida, formaci\u00f3n laboral y preparaci\u00f3n para el trabajo.<\/div><\/div><div class=\"box_image_link_rep\" >\r\n            <div class=\"image_rp_lk\"  style=\"background-image:url('https:\/\/workforcealliance.biz\/wp-content\/uploads\/2019\/12\/Malathi2-cropped-scaled.jpg'); \"   ><a class=\"link_image\" target=\"_self\" href=\"https:\/\/workforcealliance.biz\/es\/sufm\/\" ><\/a><\/div><div class=\"title_rp_bx\" ><a class=\"link_title_r\" target=\"_self\" href=\"https:\/\/workforcealliance.biz\/es\/sufm\/\" >Habilitaci\u00f3n para la fabricaci\u00f3n<\/a><\/div><div class=\"textarea_descr\" >Employers helped design the Skill Up program. They visit the class and attend special events to meet trainees and discuss job opportunities.<\/div><\/div><div class=\"box_image_link_rep\" >\r\n            <div class=\"image_rp_lk\"  style=\"background-image:url('https:\/\/workforcealliance.biz\/wp-content\/uploads\/2019\/01\/school-based-programs.jpg'); \"   ><a class=\"link_image\" target=\"_self\" href=\"https:\/\/workforcealliance.biz\/es\/youth-and-young-adults\/\" ><\/a><\/div><div class=\"title_rp_bx\" ><a class=\"link_title_r\" target=\"_self\" href=\"https:\/\/workforcealliance.biz\/es\/youth-and-young-adults\/\" >J\u00f3venes y adultos j\u00f3venes<\/a><\/div><div class=\"textarea_descr\" >Workforce Alliance puts young people to work across the region in the summer and year round.<\/div><\/div><div class=\"box_image_link_rep\" >\r\n            <div class=\"image_rp_lk\"  style=\"background-image:url('https:\/\/workforcealliance.biz\/wp-content\/uploads\/2019\/01\/summer-youth-employment.jpg'); \"   ><a class=\"link_image\" target=\"_self\" href=\"https:\/\/workforcealliance.biz\/es\/youth-and-young-adults\/summer-youth-employment\/\" ><\/a><\/div><div class=\"title_rp_bx\" ><a class=\"link_title_r\" target=\"_self\" href=\"https:\/\/workforcealliance.biz\/es\/youth-and-young-adults\/summer-youth-employment\/\" >Empleo juvenil de verano<\/a><\/div><div class=\"textarea_descr\" >Workforce Alliance puts young people to work across the region in the summer and year round.<\/div><\/div><div class=\"box_image_link_rep\" >\r\n            <div class=\"image_rp_lk\"  style=\"background-image:url('https:\/\/workforcealliance.biz\/wp-content\/uploads\/2025\/02\/workforcealliance_ticket_to_work.jpg'); \"   ><a class=\"link_image\" target=\"_self\" href=\"https:\/\/workforcealliance.biz\/es\/ticket-to-work-a-message-of-hope\/\" ><\/a><\/div><div class=\"title_rp_bx\" ><a class=\"link_title_r\" target=\"_self\" href=\"https:\/\/workforcealliance.biz\/es\/ticket-to-work-a-message-of-hope\/\" >Ticket To Work: A Message Of Hope<\/a><\/div><div class=\"textarea_descr\" >The Social Security Administration\u2019s Ticket to Work program helps individuals who receive SSI or SSDI successfully return to work by providing safety nets, also known as Work Incentives.<\/div><\/div><div class=\"box_image_link_rep\" >\r\n            <div class=\"image_rp_lk\"  style=\"background-image:url('https:\/\/workforcealliance.biz\/wp-content\/uploads\/2025\/02\/workforce-alliance-placeholder.jpg'); \"   ><a class=\"link_image\" target=\"_self\" href=\"https:\/\/workforcealliance.biz\/es\/growing-educational-training-in-information-technology\/\" ><\/a><\/div><div class=\"title_rp_bx\" ><a class=\"link_title_r\" target=\"_self\" href=\"https:\/\/workforcealliance.biz\/es\/growing-educational-training-in-information-technology\/\" >Growing Educational Training in Information Technology<\/a><\/div><div class=\"textarea_descr\" >The GET IT program equips young adults with the skills needed to thrive in today\u2019s digital world.<\/div><\/div><\/div>\r\n<\/div><\/div><div id=\"panel-7745-1-0-2\" class=\"so-panel widget widget_empty-space panel-last-child\" data-index=\"3\" ><div\n\t\t\t\n\t\t\tclass=\"so-widget-empty-space so-widget-empty-space-default-d75171398898-7745\"\n\t\t\t\n\t\t><div class=\"empty_space_custom medium_space\">\r\n<\/div><\/div><\/div><\/div><\/div><\/div><\/div>","protected":false},"excerpt":{"rendered":"<p>Programs Jobs First Employment ServicesDSS or your JFES Job Seeker Consultant will be contacting you. Individual appointments are available by appointment on Zoom or in-person. Next Steps Ex-OffendersNext Steps helps job seekers who have been involved with the criminal justice system with life skills, job training, and workplace-readiness. Skill Up For ManufacturingEmployers helped design the [&hellip;]<\/p>\n","protected":false},"author":21,"featured_media":0,"parent":0,"menu_order":0,"comment_status":"closed","ping_status":"closed","template":"","meta":{"_acf_changed":false,"footnotes":""},"class_list":["post-7745","page","type-page","status-publish","hentry"],"acf":[],"yoast_head":"<!-- This site is optimized with the Yoast SEO plugin v27.2 - https:\/\/yoast.com\/product\/yoast-seo-wordpress\/ -->\n<title>Programs - Workforce Alliance<\/title>\n<meta name=\"description\" content=\"We develop and oversee comprehensive, community-wide responses to the challenges of building a highly skilled workforce in South Central Connecticut.\" \/>\n<meta name=\"robots\" content=\"index, follow, max-snippet:-1, max-image-preview:large, max-video-preview:-1\" \/>\n<link rel=\"canonical\" href=\"https:\/\/workforcealliance.biz\/es\/programs\/\" \/>\n<meta property=\"og:locale\" content=\"es_MX\" \/>\n<meta property=\"og:type\" content=\"article\" \/>\n<meta property=\"og:title\" content=\"Programs - Workforce Alliance\" \/>\n<meta property=\"og:description\" content=\"We develop and oversee comprehensive, community-wide responses to the challenges of building a highly skilled workforce in South Central Connecticut.\" \/>\n<meta property=\"og:url\" content=\"https:\/\/workforcealliance.biz\/es\/programs\/\" \/>\n<meta property=\"og:site_name\" content=\"Workforce Alliance\" \/>\n<meta property=\"article:modified_time\" content=\"2025-05-20T19:15:10+00:00\" \/>\n<meta name=\"twitter:card\" content=\"summary_large_image\" \/>\n<meta name=\"twitter:label1\" content=\"Tiempo de lectura\" \/>\n\t<meta name=\"twitter:data1\" content=\"1 minuto\" \/>\n<script type=\"application\/ld+json\" class=\"yoast-schema-graph\">{\"@context\":\"https:\/\/schema.org\",\"@graph\":[{\"@type\":\"WebPage\",\"@id\":\"https:\/\/workforcealliance.biz\/programs\/\",\"url\":\"https:\/\/workforcealliance.biz\/programs\/\",\"name\":\"Programs - Workforce Alliance\",\"isPartOf\":{\"@id\":\"https:\/\/workforcealliance.biz\/#website\"},\"datePublished\":\"2024-02-06T11:58:36+00:00\",\"dateModified\":\"2025-05-20T19:15:10+00:00\",\"description\":\"We develop and oversee comprehensive, community-wide responses to the challenges of building a highly skilled workforce in South Central Connecticut.\",\"breadcrumb\":{\"@id\":\"https:\/\/workforcealliance.biz\/programs\/#breadcrumb\"},\"inLanguage\":\"es\",\"potentialAction\":[{\"@type\":\"ReadAction\",\"target\":[\"https:\/\/workforcealliance.biz\/programs\/\"]}]},{\"@type\":\"BreadcrumbList\",\"@id\":\"https:\/\/workforcealliance.biz\/programs\/#breadcrumb\",\"itemListElement\":[{\"@type\":\"ListItem\",\"position\":1,\"name\":\"Home\",\"item\":\"https:\/\/workforcealliance.biz\/\"},{\"@type\":\"ListItem\",\"position\":2,\"name\":\"Programs\"}]},{\"@type\":\"WebSite\",\"@id\":\"https:\/\/workforcealliance.biz\/#website\",\"url\":\"https:\/\/workforcealliance.biz\/\",\"name\":\"Workforce Alliance\",\"description\":\"\",\"potentialAction\":[{\"@type\":\"SearchAction\",\"target\":{\"@type\":\"EntryPoint\",\"urlTemplate\":\"https:\/\/workforcealliance.biz\/?s={search_term_string}\"},\"query-input\":{\"@type\":\"PropertyValueSpecification\",\"valueRequired\":true,\"valueName\":\"search_term_string\"}}],\"inLanguage\":\"es\"}]}<\/script>\n<!-- \/ Yoast SEO plugin. -->","yoast_head_json":{"title":"Programs - Workforce Alliance","description":"Desarrollamos y supervisamos respuestas integrales de toda la comunidad a los retos de crear una mano de obra altamente cualificada en el centro-sur de Connecticut.","robots":{"index":"index","follow":"follow","max-snippet":"max-snippet:-1","max-image-preview":"max-image-preview:large","max-video-preview":"max-video-preview:-1"},"canonical":"https:\/\/workforcealliance.biz\/es\/programs\/","og_locale":"es_MX","og_type":"article","og_title":"Programs - Workforce Alliance","og_description":"We develop and oversee comprehensive, community-wide responses to the challenges of building a highly skilled workforce in South Central Connecticut.","og_url":"https:\/\/workforcealliance.biz\/es\/programs\/","og_site_name":"Workforce Alliance","article_modified_time":"2025-05-20T19:15:10+00:00","twitter_card":"summary_large_image","twitter_misc":{"Tiempo de lectura":"1 minuto"},"schema":{"@context":"https:\/\/schema.org","@graph":[{"@type":"WebPage","@id":"https:\/\/workforcealliance.biz\/programs\/","url":"https:\/\/workforcealliance.biz\/programs\/","name":"Programs - Workforce Alliance","isPartOf":{"@id":"https:\/\/workforcealliance.biz\/#website"},"datePublished":"2024-02-06T11:58:36+00:00","dateModified":"2025-05-20T19:15:10+00:00","description":"Desarrollamos y supervisamos respuestas integrales de toda la comunidad a los retos de crear una mano de obra altamente cualificada en el centro-sur de Connecticut.","breadcrumb":{"@id":"https:\/\/workforcealliance.biz\/programs\/#breadcrumb"},"inLanguage":"es","potentialAction":[{"@type":"ReadAction","target":["https:\/\/workforcealliance.biz\/programs\/"]}]},{"@type":"BreadcrumbList","@id":"https:\/\/workforcealliance.biz\/programs\/#breadcrumb","itemListElement":[{"@type":"ListItem","position":1,"name":"Home","item":"https:\/\/workforcealliance.biz\/"},{"@type":"ListItem","position":2,"name":"Programs"}]},{"@type":"WebSite","@id":"https:\/\/workforcealliance.biz\/#website","url":"https:\/\/workforcealliance.biz\/","name":"Alianza de la Fuerza de Trabajo","description":"","potentialAction":[{"@type":"SearchAction","target":{"@type":"EntryPoint","urlTemplate":"https:\/\/workforcealliance.biz\/?s={search_term_string}"},"query-input":{"@type":"PropertyValueSpecification","valueRequired":true,"valueName":"search_term_string"}}],"inLanguage":"es"}]}},"_links":{"self":[{"href":"https:\/\/workforcealliance.biz\/es\/wp-json\/wp\/v2\/pages\/7745","targetHints":{"allow":["GET"]}}],"collection":[{"href":"https:\/\/workforcealliance.biz\/es\/wp-json\/wp\/v2\/pages"}],"about":[{"href":"https:\/\/workforcealliance.biz\/es\/wp-json\/wp\/v2\/types\/page"}],"author":[{"embeddable":true,"href":"https:\/\/workforcealliance.biz\/es\/wp-json\/wp\/v2\/users\/21"}],"replies":[{"embeddable":true,"href":"https:\/\/workforcealliance.biz\/es\/wp-json\/wp\/v2\/comments?post=7745"}],"version-history":[{"count":13,"href":"https:\/\/workforcealliance.biz\/es\/wp-json\/wp\/v2\/pages\/7745\/revisions"}],"predecessor-version":[{"id":8928,"href":"https:\/\/workforcealliance.biz\/es\/wp-json\/wp\/v2\/pages\/7745\/revisions\/8928"}],"wp:attachment":[{"href":"https:\/\/workforcealliance.biz\/es\/wp-json\/wp\/v2\/media?parent=7745"}],"curies":[{"name":"wp","href":"https:\/\/api.w.org\/{rel}","templated":true}]}}