{"id":8359,"date":"2024-03-25T04:10:57","date_gmt":"2024-03-25T08:10:57","guid":{"rendered":"https:\/\/workforcealliance.biz\/?page_id=8359"},"modified":"2026-04-20T09:00:17","modified_gmt":"2026-04-20T13:00:17","slug":"summer-youth-employment","status":"publish","type":"page","link":"https:\/\/workforcealliance.biz\/es\/youth-and-young-adults\/summer-youth-employment\/","title":{"rendered":"Empleo juvenil de verano"},"content":{"rendered":"<div id=\"pl-8359\"  class=\"panel-layout\" ><div id=\"pg-8359-0\"  class=\"panel-grid panel-has-style\" ><div class=\"full_container default_order panel-row-style panel-row-style-for-8359-0\" ><div id=\"pgc-8359-0-0\"  class=\"panel-grid-cell\" ><div id=\"panel-8359-0-0-0\" class=\"so-panel widget widget_small-header panel-first-child panel-last-child\" data-index=\"0\" ><div\n\t\t\t\n\t\t\tclass=\"so-widget-small-header so-widget-small-header-default-d75171398898-8359\"\n\t\t\t\n\t\t>\n\n<div class=\"image_top_header_single  center_center_bg_sm\"  style=\"background-image:url(https:\/\/workforcealliance.biz\/wp-content\/uploads\/2024\/02\/news_podcast.png);\">\n\n\t\n\n    <div class=\"large_container\">\n\t<div class=\"cotent_header_small\"> \n\t<div class=\"content_title_subtitle\"> \n\t\t<h1 class=\"bar_top_title\" >Summer <span>Youth Employment<\/span><\/h1>\n\t\t<\/div>\t<\/div>\n\t<\/div>\n<\/div>\n<\/div><\/div><\/div><\/div><\/div><div id=\"pg-8359-1\"  class=\"panel-grid panel-has-style\" ><div class=\"small_container default_order panel-row-style panel-row-style-for-8359-1\" ><div id=\"pgc-8359-1-0\"  class=\"panel-grid-cell\" ><div id=\"panel-8359-1-0-0\" class=\"so-panel widget widget_empty-space panel-first-child\" data-index=\"1\" ><div\n\t\t\t\n\t\t\tclass=\"so-widget-empty-space so-widget-empty-space-default-d75171398898-8359\"\n\t\t\t\n\t\t><div class=\"empty_space_custom small_space\">\r\n<\/div><\/div><\/div><div id=\"panel-8359-1-0-1\" class=\"so-panel widget widget_sow-image\" data-index=\"2\" ><div\n\t\t\t\n\t\t\tclass=\"so-widget-sow-image so-widget-sow-image-default-a258e6bfa2d8-8359\"\n\t\t\t\n\t\t>\n<div class=\"sow-image-container\">\n\t\t<img \n\tsrc=\"https:\/\/workforcealliance.biz\/wp-content\/uploads\/2019\/01\/summer-youth-employment.jpg\" width=\"1140\" height=\"380\" srcset=\"https:\/\/workforcealliance.biz\/wp-content\/uploads\/2019\/01\/summer-youth-employment.jpg 1140w, https:\/\/workforcealliance.biz\/wp-content\/uploads\/2019\/01\/summer-youth-employment-300x100.jpg 300w, https:\/\/workforcealliance.biz\/wp-content\/uploads\/2019\/01\/summer-youth-employment-1024x341.jpg 1024w, https:\/\/workforcealliance.biz\/wp-content\/uploads\/2019\/01\/summer-youth-employment-768x256.jpg 768w\" sizes=\"(max-width: 1140px) 100vw, 1140px\" title=\"summer youth employment 2\" alt=\"\" \t\tclass=\"so-widget-image\"\/>\n\t<\/div>\n\n<\/div><\/div><div id=\"panel-8359-1-0-2\" class=\"so-panel widget widget_empty-space\" data-index=\"3\" ><div\n\t\t\t\n\t\t\tclass=\"so-widget-empty-space so-widget-empty-space-default-d75171398898-8359\"\n\t\t\t\n\t\t><div class=\"empty_space_custom small_space\">\r\n<\/div><\/div><\/div><div id=\"panel-8359-1-0-3\" class=\"so-panel widget widget_sow-editor\" data-index=\"4\" ><div\n\t\t\t\n\t\t\tclass=\"so-widget-sow-editor so-widget-sow-editor-base\"\n\t\t\t\n\t\t>\n<div class=\"siteorigin-widget-tinymce textwidget\">\n\t<p>Workforce Alliance puts young people to work across the region in the summer and year round. Youth ages 14 to 21 may apply to participate in a program linked to the town where they reside. Please see below for town-by-town details. Eligibility is determined by family household income and other special needs such as a documented disability.<\/p>\n<p>Los j\u00f3venes participantes pueden ser contratados hasta ocho semanas, durante los meses de julio y agosto, ganan el salario m\u00ednimo y trabajan un m\u00ednimo de 15 horas a la semana.\u00a0<i>Los programas funcionan en funci\u00f3n de la disponibilidad de fondos. No todos los programas se ofrecen cada a\u00f1o.<\/i><\/p>\n<p><b>Los siguientes son financiados a trav\u00e9s de Workforce Alliance para las oportunidades de empleo de los j\u00f3venes de CT. <\/b><em>La financiaci\u00f3n est\u00e1 sujeta a la disponibilidad.<\/em> Por favor, utilice la informaci\u00f3n de contacto que aparece a continuaci\u00f3n para presentar su solicitud:<\/p>\n<\/div>\n<\/div><\/div><div id=\"panel-8359-1-0-4\" class=\"so-panel widget widget_empty-space\" data-index=\"5\" ><div\n\t\t\t\n\t\t\tclass=\"so-widget-empty-space so-widget-empty-space-default-d75171398898-8359\"\n\t\t\t\n\t\t><div class=\"empty_space_custom small_space\">\r\n<\/div><\/div><\/div><div id=\"panel-8359-1-0-5\" class=\"so-panel widget widget_button-call-read\" data-index=\"6\" ><div\n\t\t\t\n\t\t\tclass=\"so-widget-button-call-read so-widget-button-call-read-default-d75171398898-8359\"\n\t\t\t\n\t\t><div class=\"button_custom_wigdets   style1_btn default center_button\">\r\n\t<a class=\"button_custom\" target=\"_self\"  href=\"https:\/\/workforcealliance.biz\/wp-content\/uploads\/2026\/04\/Youth-RFP-2026-2027-final.pdf\" ><span class=\"txt_butt\">Youth-RFP-2026-2027<\/span>\r\n\t\r\n\t\r\n\t<\/a>\r\n\r\n<\/div><\/div><\/div><div id=\"panel-8359-1-0-6\" class=\"so-panel widget widget_empty-space panel-last-child\" data-index=\"7\" ><div\n\t\t\t\n\t\t\tclass=\"so-widget-empty-space so-widget-empty-space-default-d75171398898-8359\"\n\t\t\t\n\t\t><div class=\"empty_space_custom small_space\">\r\n<\/div><\/div><\/div><\/div><\/div><\/div><div id=\"pg-8359-2\"  class=\"panel-grid panel-has-style\" ><div class=\"small_container default_order panel-row-style panel-row-style-for-8359-2\" ><div id=\"pgc-8359-2-0\"  class=\"panel-grid-cell\" ><div id=\"panel-8359-2-0-0\" class=\"so-panel widget widget_empty-space panel-first-child\" data-index=\"8\" ><div\n\t\t\t\n\t\t\tclass=\"so-widget-empty-space so-widget-empty-space-default-d75171398898-8359\"\n\t\t\t\n\t\t><div class=\"empty_space_custom small_space\">\r\n<\/div><\/div><\/div><div id=\"panel-8359-2-0-1\" class=\"so-panel widget widget_sow-editor\" data-index=\"9\" ><div\n\t\t\t\n\t\t\tclass=\"so-widget-sow-editor so-widget-sow-editor-base\"\n\t\t\t\n\t\t>\n<div class=\"siteorigin-widget-tinymce textwidget\">\n\t<p><strong>ACES, Nicole Flaherty<\/strong><\/p>\n<p>ACES \u2013 Transition Coordinator<\/p>\n<p>130A Leeder Hill Drive<\/p>\n<p>Hamden, CT 06517<\/p>\n<p>(203) 281-3577<\/p>\n<p><a href=\"mailto:nflaherty@aces.org\">nflaherty@aces.org<\/a><\/p>\n<p><strong>Meriden, Tammy Valk<\/strong><\/p>\n<p>YMCA de Meriden<\/p>\n<p>110 West Main Street<\/p>\n<p>Meriden, CT 06451<\/p>\n<p><a href=\"tel:2034403510\">(203) 440-3510<\/a><br \/>\n<a href=\"mailto:tvalk@meridenymca.org\">TValk@meridenymca.org<\/a><\/p>\n<p><strong>Durham\/Middlefield, Mike Ford<\/strong><br \/>\n<a href=\"mailto:mford@rsd13.org\">mford@rsd13.org<\/a><br \/>\n<a href=\"mailto:asimeone@rsd13.org\">asimeone@rsd13.org<\/a><\/p>\n<p><strong>Guilford, Mike Kosko<\/strong><br \/>\n<a href=\"tel:2034538047\">(203) 453-8047<\/a> ext 226<br \/>\n<a href=\"mailto:koskom@ci.guilford.ct.us\">koskom@ci.guilford.ct.us<\/a><\/p>\n<p><strong>Hamden,\u00a0Karen Bivens\u00a0\u00a0\u00a0\u00a0\u00a0<\/strong><\/p>\n<p>Director of Cultural Affairs &amp; Human Services<\/p>\n<p>11 Pine Street<\/p>\n<p>Hamden, CT 06514<\/p>\n<p>(203) 287-2582<\/p>\n<p><a href=\"mailto:kbivens@hamden.com\">kbivens@hamden.com<\/a><\/p>\n<p><strong>Madison, Melissa Balletto<\/strong><br \/>\n<a href=\"tel:2032455645\">(203) 245-5645<\/a><br \/>\n<a href=\"mailto:ballettom@madisonct.org\">ballettom@madisonct.org<\/a><\/p>\n<\/div>\n<\/div><\/div><div id=\"panel-8359-2-0-2\" class=\"so-panel widget widget_empty-space panel-last-child\" data-index=\"10\" ><div\n\t\t\t\n\t\t\tclass=\"so-widget-empty-space so-widget-empty-space-default-d75171398898-8359\"\n\t\t\t\n\t\t><div class=\"empty_responsive\"><\/div><\/div><\/div><\/div><div id=\"pgc-8359-2-1\"  class=\"panel-grid-cell\" ><div id=\"panel-8359-2-1-0\" class=\"so-panel widget widget_sow-editor panel-first-child\" data-index=\"11\" ><div\n\t\t\t\n\t\t\tclass=\"so-widget-sow-editor so-widget-sow-editor-base\"\n\t\t\t\n\t\t>\n<div class=\"siteorigin-widget-tinymce textwidget\">\n\t<p><strong>West Haven, Jim Eagan<br \/>\n<\/strong><a href=\"tel:2039880698\">(203) 988-0698<\/a><br \/>\n<a href=\"mailto:Youth_emp@cityofwesthaven.com\">Youth_emp@cityofwesthaven.com<\/a><\/p>\n<p><strong>Middletown, Lorenzo Marshall<\/strong><br \/>\n<a href=\"tel:8603476924\">(860) 347-6924<\/a><br \/>\n<a href=\"mailto:lorenzo@middlesexchamber.com\">lorenzo@middlesexchamber.com<\/a><\/p>\n<p><strong>Milford, Lisa Streit<\/strong><br \/>\n<a href=\"tel:2037833243\">(203) 783-3243<\/a><br \/>\n<a href=\"mailto:Lstreit@ci.milford.ct.us\">Lstreit@ci.milford.ct.us<\/a><\/p>\n<p><strong>New Haven, Ericka Blake<\/strong><br \/>\n<a href=\"tel:2039467582\">(203) 946-7582<\/a><br \/>\n<a href=\"mailto:eblakel@newhavenct.net\">eBlakel@newhavenct.net<\/a><\/p>\n<p><strong>North Haven, Anthony Mastriano<br \/>\n<\/strong><a href=\"tel:2032392581\">(203) 239-2581<\/a><br \/>\n<a href=\"mailto:mastriano.anthony@northhavenschools.org\">mastriano.anthony@northhavenschools.org<\/a><\/p>\n<\/div>\n<\/div><\/div><div id=\"panel-8359-2-1-1\" class=\"so-panel widget widget_empty-space panel-last-child\" data-index=\"12\" ><div\n\t\t\t\n\t\t\tclass=\"so-widget-empty-space so-widget-empty-space-default-d75171398898-8359\"\n\t\t\t\n\t\t><div class=\"empty_responsive\"><\/div><\/div><\/div><\/div><div id=\"pgc-8359-2-2\"  class=\"panel-grid-cell\" ><div id=\"panel-8359-2-2-0\" class=\"so-panel widget widget_sow-editor panel-first-child panel-last-child\" data-index=\"13\" ><div\n\t\t\t\n\t\t\tclass=\"so-widget-sow-editor so-widget-sow-editor-base\"\n\t\t\t\n\t\t>\n<div class=\"siteorigin-widget-tinymce textwidget\">\n\t<p><strong>Wallingford, Gary Redman<br \/>\n<\/strong><a href=\"tel:2032942175\">(203) 294-2175<\/a><br \/>\n<a href=\"mailto:yss@wallingfordct.gov\">yss@wallingfordct.gov<\/a><\/p>\n<p><strong>Westbrook, Chet Bialicki<br \/>\n<\/strong><a href=\"tel:8603993189\">(860) 399-3189<\/a><br \/>\n<a href=\"mailto:cbialicki@westbrookctschools.org\">cbialicki@westbrookctschools.org<\/a><\/p>\n<p><strong>Old Saybrook, Kendra Flaherty<br \/>\n<\/strong><a href=\"tel:8604602033\">(860) 460-2033<\/a><br \/>\n<a href=\"mailto:kflaherty@oldsaybrookschools.org\">kflaherty@oldsaybrookschools.org<\/a><\/p>\n<\/div>\n<\/div><\/div><\/div><\/div><\/div><div id=\"pg-8359-3\"  class=\"panel-grid panel-has-style\" ><div class=\"middle_container default_order panel-row-style panel-row-style-for-8359-3\" ><div id=\"pgc-8359-3-0\"  class=\"panel-grid-cell panel-grid-cell-empty\" ><\/div><\/div><\/div><\/div>","protected":false},"excerpt":{"rendered":"<p>Workforce Alliance puts young people to work across the region in the summer and year round. Youth ages 14 to 21 may apply to participate in a program linked to the town where they reside. Please see below for town-by-town details. Eligibility is determined by family household income and other special needs such as a [&hellip;]<\/p>\n","protected":false},"author":21,"featured_media":0,"parent":1945,"menu_order":0,"comment_status":"closed","ping_status":"closed","template":"","meta":{"_acf_changed":false,"footnotes":""},"class_list":["post-8359","page","type-page","status-publish","hentry"],"acf":[],"yoast_head":"<!-- This site is optimized with the Yoast SEO plugin v27.2 - https:\/\/yoast.com\/product\/yoast-seo-wordpress\/ -->\n<title>Summer Youth Employment - Workforce Alliance<\/title>\n<meta name=\"description\" content=\"Workforce Alliance puts young people to work across the region in the summer and year round. Youth ages 14 to 21 may apply to participate in a program linked to the town where they reside. Please see below for town-by-town details. Eligibility is determined by family household income and other special needs such as a documented disability.\" \/>\n<meta name=\"robots\" content=\"index, follow, max-snippet:-1, max-image-preview:large, max-video-preview:-1\" \/>\n<link rel=\"canonical\" href=\"https:\/\/workforcealliance.biz\/es\/youth-and-young-adults\/summer-youth-employment\/\" \/>\n<meta property=\"og:locale\" content=\"es_MX\" \/>\n<meta property=\"og:type\" content=\"article\" \/>\n<meta property=\"og:title\" content=\"Summer Youth Employment - Workforce Alliance\" \/>\n<meta property=\"og:description\" content=\"Workforce Alliance puts young people to work across the region in the summer and year round. Youth ages 14 to 21 may apply to participate in a program linked to the town where they reside. Please see below for town-by-town details. Eligibility is determined by family household income and other special needs such as a documented disability.\" \/>\n<meta property=\"og:url\" content=\"https:\/\/workforcealliance.biz\/es\/youth-and-young-adults\/summer-youth-employment\/\" \/>\n<meta property=\"og:site_name\" content=\"Workforce Alliance\" \/>\n<meta property=\"article:modified_time\" content=\"2026-04-20T13:00:17+00:00\" \/>\n<meta name=\"twitter:card\" content=\"summary_large_image\" \/>\n<meta name=\"twitter:label1\" content=\"Tiempo de lectura\" \/>\n\t<meta name=\"twitter:data1\" content=\"2 minutos\" \/>\n<script type=\"application\/ld+json\" class=\"yoast-schema-graph\">{\"@context\":\"https:\/\/schema.org\",\"@graph\":[{\"@type\":\"WebPage\",\"@id\":\"https:\/\/workforcealliance.biz\/youth-and-young-adults\/summer-youth-employment\/\",\"url\":\"https:\/\/workforcealliance.biz\/youth-and-young-adults\/summer-youth-employment\/\",\"name\":\"Summer Youth Employment - Workforce Alliance\",\"isPartOf\":{\"@id\":\"https:\/\/workforcealliance.biz\/#website\"},\"datePublished\":\"2024-03-25T08:10:57+00:00\",\"dateModified\":\"2026-04-20T13:00:17+00:00\",\"description\":\"Workforce Alliance puts young people to work across the region in the summer and year round. Youth ages 14 to 21 may apply to participate in a program linked to the town where they reside. Please see below for town-by-town details. Eligibility is determined by family household income and other special needs such as a documented disability.\",\"breadcrumb\":{\"@id\":\"https:\/\/workforcealliance.biz\/youth-and-young-adults\/summer-youth-employment\/#breadcrumb\"},\"inLanguage\":\"es\",\"potentialAction\":[{\"@type\":\"ReadAction\",\"target\":[\"https:\/\/workforcealliance.biz\/youth-and-young-adults\/summer-youth-employment\/\"]}]},{\"@type\":\"BreadcrumbList\",\"@id\":\"https:\/\/workforcealliance.biz\/youth-and-young-adults\/summer-youth-employment\/#breadcrumb\",\"itemListElement\":[{\"@type\":\"ListItem\",\"position\":1,\"name\":\"Home\",\"item\":\"https:\/\/workforcealliance.biz\/\"},{\"@type\":\"ListItem\",\"position\":2,\"name\":\"Youth and Young Adults\",\"item\":\"https:\/\/workforcealliance.biz\/youth-and-young-adults\/\"},{\"@type\":\"ListItem\",\"position\":3,\"name\":\"Summer Youth Employment\"}]},{\"@type\":\"WebSite\",\"@id\":\"https:\/\/workforcealliance.biz\/#website\",\"url\":\"https:\/\/workforcealliance.biz\/\",\"name\":\"Workforce Alliance\",\"description\":\"\",\"potentialAction\":[{\"@type\":\"SearchAction\",\"target\":{\"@type\":\"EntryPoint\",\"urlTemplate\":\"https:\/\/workforcealliance.biz\/?s={search_term_string}\"},\"query-input\":{\"@type\":\"PropertyValueSpecification\",\"valueRequired\":true,\"valueName\":\"search_term_string\"}}],\"inLanguage\":\"es\"}]}<\/script>\n<!-- \/ Yoast SEO plugin. -->","yoast_head_json":{"title":"Summer Youth Employment - Workforce Alliance","description":"Workforce Alliance puts young people to work across the region in the summer and year round. Youth ages 14 to 21 may apply to participate in a program linked to the town where they reside. Please see below for town-by-town details. Eligibility is determined by family household income and other special needs such as a documented disability.","robots":{"index":"index","follow":"follow","max-snippet":"max-snippet:-1","max-image-preview":"max-image-preview:large","max-video-preview":"max-video-preview:-1"},"canonical":"https:\/\/workforcealliance.biz\/es\/youth-and-young-adults\/summer-youth-employment\/","og_locale":"es_MX","og_type":"article","og_title":"Summer Youth Employment - Workforce Alliance","og_description":"Workforce Alliance puts young people to work across the region in the summer and year round. Youth ages 14 to 21 may apply to participate in a program linked to the town where they reside. Please see below for town-by-town details. Eligibility is determined by family household income and other special needs such as a documented disability.","og_url":"https:\/\/workforcealliance.biz\/es\/youth-and-young-adults\/summer-youth-employment\/","og_site_name":"Workforce Alliance","article_modified_time":"2026-04-20T13:00:17+00:00","twitter_card":"summary_large_image","twitter_misc":{"Tiempo de lectura":"2 minutos"},"schema":{"@context":"https:\/\/schema.org","@graph":[{"@type":"WebPage","@id":"https:\/\/workforcealliance.biz\/youth-and-young-adults\/summer-youth-employment\/","url":"https:\/\/workforcealliance.biz\/youth-and-young-adults\/summer-youth-employment\/","name":"Summer Youth Employment - Workforce Alliance","isPartOf":{"@id":"https:\/\/workforcealliance.biz\/#website"},"datePublished":"2024-03-25T08:10:57+00:00","dateModified":"2026-04-20T13:00:17+00:00","description":"Workforce Alliance puts young people to work across the region in the summer and year round. Youth ages 14 to 21 may apply to participate in a program linked to the town where they reside. Please see below for town-by-town details. Eligibility is determined by family household income and other special needs such as a documented disability.","breadcrumb":{"@id":"https:\/\/workforcealliance.biz\/youth-and-young-adults\/summer-youth-employment\/#breadcrumb"},"inLanguage":"es","potentialAction":[{"@type":"ReadAction","target":["https:\/\/workforcealliance.biz\/youth-and-young-adults\/summer-youth-employment\/"]}]},{"@type":"BreadcrumbList","@id":"https:\/\/workforcealliance.biz\/youth-and-young-adults\/summer-youth-employment\/#breadcrumb","itemListElement":[{"@type":"ListItem","position":1,"name":"Home","item":"https:\/\/workforcealliance.biz\/"},{"@type":"ListItem","position":2,"name":"Youth and Young Adults","item":"https:\/\/workforcealliance.biz\/youth-and-young-adults\/"},{"@type":"ListItem","position":3,"name":"Summer Youth Employment"}]},{"@type":"WebSite","@id":"https:\/\/workforcealliance.biz\/#website","url":"https:\/\/workforcealliance.biz\/","name":"Alianza de la Fuerza de Trabajo","description":"","potentialAction":[{"@type":"SearchAction","target":{"@type":"EntryPoint","urlTemplate":"https:\/\/workforcealliance.biz\/?s={search_term_string}"},"query-input":{"@type":"PropertyValueSpecification","valueRequired":true,"valueName":"search_term_string"}}],"inLanguage":"es"}]}},"_links":{"self":[{"href":"https:\/\/workforcealliance.biz\/es\/wp-json\/wp\/v2\/pages\/8359","targetHints":{"allow":["GET"]}}],"collection":[{"href":"https:\/\/workforcealliance.biz\/es\/wp-json\/wp\/v2\/pages"}],"about":[{"href":"https:\/\/workforcealliance.biz\/es\/wp-json\/wp\/v2\/types\/page"}],"author":[{"embeddable":true,"href":"https:\/\/workforcealliance.biz\/es\/wp-json\/wp\/v2\/users\/21"}],"replies":[{"embeddable":true,"href":"https:\/\/workforcealliance.biz\/es\/wp-json\/wp\/v2\/comments?post=8359"}],"version-history":[{"count":17,"href":"https:\/\/workforcealliance.biz\/es\/wp-json\/wp\/v2\/pages\/8359\/revisions"}],"predecessor-version":[{"id":8952,"href":"https:\/\/workforcealliance.biz\/es\/wp-json\/wp\/v2\/pages\/8359\/revisions\/8952"}],"up":[{"embeddable":true,"href":"https:\/\/workforcealliance.biz\/es\/wp-json\/wp\/v2\/pages\/1945"}],"wp:attachment":[{"href":"https:\/\/workforcealliance.biz\/es\/wp-json\/wp\/v2\/media?parent=8359"}],"curies":[{"name":"wp","href":"https:\/\/api.w.org\/{rel}","templated":true}]}}